{"id":3819,"date":"2019-08-27T09:29:03","date_gmt":"2019-08-27T12:29:03","guid":{"rendered":"http:\/\/www.ferreteriaellucero.com\/herramientas\/?post_type=product&#038;p=3819"},"modified":"2024-07-30T21:20:30","modified_gmt":"2024-07-31T00:20:30","slug":"taladro-de-banco-gladiator-pro-tb713","status":"publish","type":"product","link":"https:\/\/www.ferreteriaellucero.com\/herramientas\/producto\/taladro-de-banco-gladiator-pro-tb713\/","title":{"rendered":"Taladro de banco gladiator PRO TB713"},"content":{"rendered":"<p>Detalles:<br \/>\nInterruptor electromagn\u00e9tico delantero<br \/>\nProtecci\u00f3n de mandril de seguridad<\/p>\n<p>Datos t\u00e9cnicos:<br \/>\nVOLTAJE\/FRECUENCIA: 220V ~ 50Hz<br \/>\nPOTENCIA: 250W<br \/>\nCAPACIDAD M\u00c1XIMA DE PERFORADO: \u00f813mm &#8211; 1\/2\u201d<br \/>\nCAPACIDAD DE MANDRIL: 1,5 ~ 13mm<br \/>\nRANGO DE VELOCIDAD: 50Hz: 620 ~ 2620\/min<br \/>\nN\u00ba DE VELOCIDADES: 5<br \/>\nCARRERA DEL MANDRIL: 50mm &#8211; 2\u201d<br \/>\nALTURA TOTAL: 580mm &#8211; 22 7\/8\u201d<br \/>\nTIPO DE AISLACI\u00d3N: CLASE I<br \/>\nPESO: 16kg<\/p>\n","protected":false},"excerpt":{"rendered":"<p>Detalles: Interruptor electromagn\u00e9tico delantero Protecci\u00f3n de mandril de seguridad Datos t\u00e9cnicos: VOLTAJE\/FRECUENCIA: 220V ~ 50Hz POTENCIA: 250W CAPACIDAD M\u00c1XIMA DE&hellip;<\/p>\n","protected":false},"featured_media":3820,"template":"","meta":{"_joinchat":[]},"product_brand":[],"product_cat":[25,27,33],"product_tag":[],"class_list":{"0":"post-3819","1":"product","2":"type-product","3":"status-publish","4":"has-post-thumbnail","6":"product_cat-construccion","7":"product_cat-gladiator","8":"product_cat-herramientas","10":"first","11":"instock","12":"sale","13":"shipping-taxable","14":"purchasable","15":"product-type-simple"},"jetpack-related-posts":[],"jetpack_sharing_enabled":true,"_links":{"self":[{"href":"https:\/\/www.ferreteriaellucero.com\/herramientas\/wp-json\/wp\/v2\/product\/3819","targetHints":{"allow":["GET"]}}],"collection":[{"href":"https:\/\/www.ferreteriaellucero.com\/herramientas\/wp-json\/wp\/v2\/product"}],"about":[{"href":"https:\/\/www.ferreteriaellucero.com\/herramientas\/wp-json\/wp\/v2\/types\/product"}],"version-history":[{"count":1,"href":"https:\/\/www.ferreteriaellucero.com\/herramientas\/wp-json\/wp\/v2\/product\/3819\/revisions"}],"predecessor-version":[{"id":3821,"href":"https:\/\/www.ferreteriaellucero.com\/herramientas\/wp-json\/wp\/v2\/product\/3819\/revisions\/3821"}],"wp:featuredmedia":[{"embeddable":true,"href":"https:\/\/www.ferreteriaellucero.com\/herramientas\/wp-json\/wp\/v2\/media\/3820"}],"wp:attachment":[{"href":"https:\/\/www.ferreteriaellucero.com\/herramientas\/wp-json\/wp\/v2\/media?parent=3819"}],"wp:term":[{"taxonomy":"product_brand","embeddable":true,"href":"https:\/\/www.ferreteriaellucero.com\/herramientas\/wp-json\/wp\/v2\/product_brand?post=3819"},{"taxonomy":"product_cat","embeddable":true,"href":"https:\/\/www.ferreteriaellucero.com\/herramientas\/wp-json\/wp\/v2\/product_cat?post=3819"},{"taxonomy":"product_tag","embeddable":true,"href":"https:\/\/www.ferreteriaellucero.com\/herramientas\/wp-json\/wp\/v2\/product_tag?post=3819"}],"curies":[{"name":"wp","href":"https:\/\/api.w.org\/{rel}","templated":true}]}}