{"id":16596,"date":"2024-08-01T16:36:17","date_gmt":"2024-08-01T19:36:17","guid":{"rendered":"http:\/\/www.ferreteriaellucero.com\/herramientas\/?post_type=product&#038;p=16596"},"modified":"2024-08-01T16:36:17","modified_gmt":"2024-08-01T19:36:17","slug":"rotomartillo-sds-plus-1050w-th110266","status":"publish","type":"product","link":"https:\/\/www.ferreteriaellucero.com\/herramientas\/producto\/rotomartillo-sds-plus-1050w-th110266\/","title":{"rendered":"Rotomartillo SDS Plus 1050w TH110266"},"content":{"rendered":"<p>-Encastre r\u00e1pido SDS Plus<br \/>\n-Selector para encender\/apagar la rotaci\u00f3n<br \/>\n-Selector para encender\/apagar el martillo<br \/>\n-Sistema que reduce las vibraciones al usuario<br \/>\n-Interruptor de gran tama\u00f1o para mayor comodidad en el trabajo<br \/>\n-Pr\u00e1ctico malet\u00edn de pl\u00e1stico<\/p>\n","protected":false},"excerpt":{"rendered":"<p>-Encastre r\u00e1pido SDS Plus -Selector para encender\/apagar la rotaci\u00f3n -Selector para encender\/apagar el martillo -Sistema que reduce las vibraciones al&hellip;<\/p>\n","protected":false},"featured_media":16597,"template":"","meta":{"_joinchat":[]},"product_brand":[],"product_cat":[26],"product_tag":[],"class_list":{"0":"post-16596","1":"product","2":"type-product","3":"status-publish","4":"has-post-thumbnail","6":"product_cat-total","8":"first","9":"instock","10":"shipping-taxable","11":"purchasable","12":"product-type-simple"},"jetpack-related-posts":[],"jetpack_sharing_enabled":true,"_links":{"self":[{"href":"https:\/\/www.ferreteriaellucero.com\/herramientas\/wp-json\/wp\/v2\/product\/16596","targetHints":{"allow":["GET"]}}],"collection":[{"href":"https:\/\/www.ferreteriaellucero.com\/herramientas\/wp-json\/wp\/v2\/product"}],"about":[{"href":"https:\/\/www.ferreteriaellucero.com\/herramientas\/wp-json\/wp\/v2\/types\/product"}],"version-history":[{"count":1,"href":"https:\/\/www.ferreteriaellucero.com\/herramientas\/wp-json\/wp\/v2\/product\/16596\/revisions"}],"predecessor-version":[{"id":16598,"href":"https:\/\/www.ferreteriaellucero.com\/herramientas\/wp-json\/wp\/v2\/product\/16596\/revisions\/16598"}],"wp:featuredmedia":[{"embeddable":true,"href":"https:\/\/www.ferreteriaellucero.com\/herramientas\/wp-json\/wp\/v2\/media\/16597"}],"wp:attachment":[{"href":"https:\/\/www.ferreteriaellucero.com\/herramientas\/wp-json\/wp\/v2\/media?parent=16596"}],"wp:term":[{"taxonomy":"product_brand","embeddable":true,"href":"https:\/\/www.ferreteriaellucero.com\/herramientas\/wp-json\/wp\/v2\/product_brand?post=16596"},{"taxonomy":"product_cat","embeddable":true,"href":"https:\/\/www.ferreteriaellucero.com\/herramientas\/wp-json\/wp\/v2\/product_cat?post=16596"},{"taxonomy":"product_tag","embeddable":true,"href":"https:\/\/www.ferreteriaellucero.com\/herramientas\/wp-json\/wp\/v2\/product_tag?post=16596"}],"curies":[{"name":"wp","href":"https:\/\/api.w.org\/{rel}","templated":true}]}}