{"id":16514,"date":"2024-04-30T13:42:19","date_gmt":"2024-04-30T16:42:19","guid":{"rendered":"http:\/\/www.ferreteriaellucero.com\/herramientas\/?post_type=product&#038;p=16514"},"modified":"2024-07-30T23:18:00","modified_gmt":"2024-07-31T02:18:00","slug":"aspiradora-a-bateria-20v-total","status":"publish","type":"product","link":"https:\/\/www.ferreteriaellucero.com\/herramientas\/producto\/aspiradora-a-bateria-20v-total\/","title":{"rendered":"Aspiradora a Bater\u00eda 20v Total"},"content":{"rendered":"<p>Aspiradora Inal\u00e1mbrica 20v Total<br id=\"isPasted\" \/>Modelo: TVLI201261<\/p>\n<p>Esta herramienta funciona con bater\u00edas de 20v de Total.<br \/>\nNO incluye cargador ni bater\u00eda.<\/p>\n<p>-Encastre r\u00e1pido del tanque de basura, f\u00e1cil y r\u00e1pida limpieza.<br \/>\n-Presi\u00f3n: 9KPa.<br \/>\n-Tanque con capacidad para 0.5 Litros.<\/p>\n<p>Incluye:<br \/>\n-Boquilla<br \/>\n-Cepillo para polvo<\/p>\n","protected":false},"excerpt":{"rendered":"<p>Aspiradora Inal\u00e1mbrica 20v TotalModelo: TVLI201261 Esta herramienta funciona con bater\u00edas de 20v de Total. NO incluye cargador ni bater\u00eda. -Encastre&hellip;<\/p>\n","protected":false},"featured_media":16515,"template":"","meta":{"_joinchat":[]},"product_brand":[],"product_cat":[39,26],"product_tag":[],"class_list":{"0":"post-16514","1":"product","2":"type-product","3":"status-publish","4":"has-post-thumbnail","6":"product_cat-herramientas-a-bateria","7":"product_cat-total","9":"first","10":"instock","11":"shipping-taxable","12":"purchasable","13":"product-type-simple"},"jetpack-related-posts":[],"jetpack_sharing_enabled":true,"_links":{"self":[{"href":"https:\/\/www.ferreteriaellucero.com\/herramientas\/wp-json\/wp\/v2\/product\/16514","targetHints":{"allow":["GET"]}}],"collection":[{"href":"https:\/\/www.ferreteriaellucero.com\/herramientas\/wp-json\/wp\/v2\/product"}],"about":[{"href":"https:\/\/www.ferreteriaellucero.com\/herramientas\/wp-json\/wp\/v2\/types\/product"}],"version-history":[{"count":1,"href":"https:\/\/www.ferreteriaellucero.com\/herramientas\/wp-json\/wp\/v2\/product\/16514\/revisions"}],"predecessor-version":[{"id":16516,"href":"https:\/\/www.ferreteriaellucero.com\/herramientas\/wp-json\/wp\/v2\/product\/16514\/revisions\/16516"}],"wp:featuredmedia":[{"embeddable":true,"href":"https:\/\/www.ferreteriaellucero.com\/herramientas\/wp-json\/wp\/v2\/media\/16515"}],"wp:attachment":[{"href":"https:\/\/www.ferreteriaellucero.com\/herramientas\/wp-json\/wp\/v2\/media?parent=16514"}],"wp:term":[{"taxonomy":"product_brand","embeddable":true,"href":"https:\/\/www.ferreteriaellucero.com\/herramientas\/wp-json\/wp\/v2\/product_brand?post=16514"},{"taxonomy":"product_cat","embeddable":true,"href":"https:\/\/www.ferreteriaellucero.com\/herramientas\/wp-json\/wp\/v2\/product_cat?post=16514"},{"taxonomy":"product_tag","embeddable":true,"href":"https:\/\/www.ferreteriaellucero.com\/herramientas\/wp-json\/wp\/v2\/product_tag?post=16514"}],"curies":[{"name":"wp","href":"https:\/\/api.w.org\/{rel}","templated":true}]}}