{"id":16393,"date":"2023-09-18T13:41:15","date_gmt":"2023-09-18T16:41:15","guid":{"rendered":"http:\/\/www.ferreteriaellucero.com\/herramientas\/?post_type=product&#038;p=16393"},"modified":"2024-01-16T13:19:28","modified_gmt":"2024-01-16T16:19:28","slug":"equipo-de-pintar-ingco-500w-spg5008","status":"publish","type":"product","link":"https:\/\/www.ferreteriaellucero.com\/herramientas\/producto\/equipo-de-pintar-ingco-500w-spg5008\/","title":{"rendered":"EQUIPO DE PINTAR INGCO 500W SPG5008"},"content":{"rendered":"<p>Voltaje: 220-240 V ~ 50 \/ 60Hz<br \/>\nPotencia de entrada: 500 W<br \/>\nPresi\u00f3n de pulverizaci\u00f3n: 0.1-0.2Bar<br \/>\nFlujo m\u00e1ximo: 850 ml \/ min<br \/>\nMax. viscosidad: 50DIN-s<br \/>\nCapacidad del envase: 800 ml<br \/>\nLongitud del cable de alimentaci\u00f3n: 2.0m<br \/>\nAccesorios: 1x vaso medidor de viscosidad 1x aguja de limpieza de boquilla 1x correa para el hombro<br \/>\nEmbalado por caja de color<\/p>\n","protected":false},"excerpt":{"rendered":"<p>Voltaje: 220-240 V ~ 50 \/ 60Hz Potencia de entrada: 500 W Presi\u00f3n de pulverizaci\u00f3n: 0.1-0.2Bar Flujo m\u00e1ximo: 850 ml&hellip;<\/p>\n","protected":false},"featured_media":16394,"template":"","meta":{"_joinchat":[]},"product_brand":[],"product_cat":[33,61],"product_tag":[],"class_list":{"0":"post-16393","1":"product","2":"type-product","3":"status-publish","4":"has-post-thumbnail","6":"product_cat-herramientas","7":"product_cat-ingco","9":"first","10":"instock","11":"shipping-taxable","12":"purchasable","13":"product-type-simple"},"jetpack-related-posts":[],"jetpack_sharing_enabled":true,"_links":{"self":[{"href":"https:\/\/www.ferreteriaellucero.com\/herramientas\/wp-json\/wp\/v2\/product\/16393","targetHints":{"allow":["GET"]}}],"collection":[{"href":"https:\/\/www.ferreteriaellucero.com\/herramientas\/wp-json\/wp\/v2\/product"}],"about":[{"href":"https:\/\/www.ferreteriaellucero.com\/herramientas\/wp-json\/wp\/v2\/types\/product"}],"version-history":[{"count":1,"href":"https:\/\/www.ferreteriaellucero.com\/herramientas\/wp-json\/wp\/v2\/product\/16393\/revisions"}],"predecessor-version":[{"id":16395,"href":"https:\/\/www.ferreteriaellucero.com\/herramientas\/wp-json\/wp\/v2\/product\/16393\/revisions\/16395"}],"wp:featuredmedia":[{"embeddable":true,"href":"https:\/\/www.ferreteriaellucero.com\/herramientas\/wp-json\/wp\/v2\/media\/16394"}],"wp:attachment":[{"href":"https:\/\/www.ferreteriaellucero.com\/herramientas\/wp-json\/wp\/v2\/media?parent=16393"}],"wp:term":[{"taxonomy":"product_brand","embeddable":true,"href":"https:\/\/www.ferreteriaellucero.com\/herramientas\/wp-json\/wp\/v2\/product_brand?post=16393"},{"taxonomy":"product_cat","embeddable":true,"href":"https:\/\/www.ferreteriaellucero.com\/herramientas\/wp-json\/wp\/v2\/product_cat?post=16393"},{"taxonomy":"product_tag","embeddable":true,"href":"https:\/\/www.ferreteriaellucero.com\/herramientas\/wp-json\/wp\/v2\/product_tag?post=16393"}],"curies":[{"name":"wp","href":"https:\/\/api.w.org\/{rel}","templated":true}]}}