{"id":16295,"date":"2023-07-03T13:58:53","date_gmt":"2023-07-03T16:58:53","guid":{"rendered":"http:\/\/www.ferreteriaellucero.com\/herramientas\/?post_type=product&#038;p=16295"},"modified":"2024-01-16T13:19:40","modified_gmt":"2024-01-16T16:19:40","slug":"hidrolavadora-ingco-1400w","status":"publish","type":"product","link":"https:\/\/www.ferreteriaellucero.com\/herramientas\/producto\/hidrolavadora-ingco-1400w\/","title":{"rendered":"Hidrolavadora Ingco 1400w"},"content":{"rendered":"<ul>\n<li>Voltaje 110-120V ~ 60Hz<\/li>\n<li>Motor de escobillas de carb\u00f3n<\/li>\n<li>Alambre de cobre puro<\/li>\n<li>Potencia de entrada: 1400 W<\/li>\n<li>Presi\u00f3n m\u00e1xima 130 bar (1900 psi)<\/li>\n<li>Caudal 5.5L \/ min.<\/li>\n<li>Sistema de parada autom\u00e1tica 1 juego de pistola de agua<\/li>\n<li>Manguera de alta presi\u00f3n de 5 m<\/li>\n<\/ul>\n","protected":false},"excerpt":{"rendered":"<p>Voltaje 110-120V ~ 60Hz Motor de escobillas de carb\u00f3n Alambre de cobre puro Potencia de entrada: 1400 W Presi\u00f3n m\u00e1xima&hellip;<\/p>\n","protected":false},"featured_media":16296,"template":"","meta":{"_joinchat":[]},"product_brand":[],"product_cat":[61],"product_tag":[],"class_list":{"0":"post-16295","1":"product","2":"type-product","3":"status-publish","4":"has-post-thumbnail","6":"product_cat-ingco","8":"first","9":"instock","10":"shipping-taxable","11":"purchasable","12":"product-type-simple"},"jetpack-related-posts":[],"jetpack_sharing_enabled":true,"_links":{"self":[{"href":"https:\/\/www.ferreteriaellucero.com\/herramientas\/wp-json\/wp\/v2\/product\/16295","targetHints":{"allow":["GET"]}}],"collection":[{"href":"https:\/\/www.ferreteriaellucero.com\/herramientas\/wp-json\/wp\/v2\/product"}],"about":[{"href":"https:\/\/www.ferreteriaellucero.com\/herramientas\/wp-json\/wp\/v2\/types\/product"}],"version-history":[{"count":1,"href":"https:\/\/www.ferreteriaellucero.com\/herramientas\/wp-json\/wp\/v2\/product\/16295\/revisions"}],"predecessor-version":[{"id":16297,"href":"https:\/\/www.ferreteriaellucero.com\/herramientas\/wp-json\/wp\/v2\/product\/16295\/revisions\/16297"}],"wp:featuredmedia":[{"embeddable":true,"href":"https:\/\/www.ferreteriaellucero.com\/herramientas\/wp-json\/wp\/v2\/media\/16296"}],"wp:attachment":[{"href":"https:\/\/www.ferreteriaellucero.com\/herramientas\/wp-json\/wp\/v2\/media?parent=16295"}],"wp:term":[{"taxonomy":"product_brand","embeddable":true,"href":"https:\/\/www.ferreteriaellucero.com\/herramientas\/wp-json\/wp\/v2\/product_brand?post=16295"},{"taxonomy":"product_cat","embeddable":true,"href":"https:\/\/www.ferreteriaellucero.com\/herramientas\/wp-json\/wp\/v2\/product_cat?post=16295"},{"taxonomy":"product_tag","embeddable":true,"href":"https:\/\/www.ferreteriaellucero.com\/herramientas\/wp-json\/wp\/v2\/product_tag?post=16295"}],"curies":[{"name":"wp","href":"https:\/\/api.w.org\/{rel}","templated":true}]}}