{"id":16264,"date":"2023-06-01T15:58:47","date_gmt":"2023-06-01T18:58:47","guid":{"rendered":"http:\/\/www.ferreteriaellucero.com\/herramientas\/?post_type=product&#038;p=16264"},"modified":"2023-06-01T15:58:48","modified_gmt":"2023-06-01T18:58:48","slug":"kit-nivel-laser-nivel-de-aluminio-total","status":"publish","type":"product","link":"https:\/\/www.ferreteriaellucero.com\/herramientas\/producto\/kit-nivel-laser-nivel-de-aluminio-total\/","title":{"rendered":"Kit Nivel Laser + Nivel de Aluminio Total"},"content":{"rendered":"<p>Una herramienta imprescindible para realizar cualquier tipo de trabajo de precisi\u00f3n. Utilizalo en tu hogar para instalar muebles o en tu espacio laboral para realizar tareas de mayor complejidad y alcanz\u00e1 resultados de m\u00e1xima exactitud.<\/p>\n<p>Este nivel l\u00e1ser Total TLL156506 proyecta l\u00edneas sobre la superficie que te resultar\u00e1n de utilidad para aplicaciones comunes de nivelaci\u00f3n y alineaci\u00f3n como colocaci\u00f3n de cuadros, pisos, carpinter\u00eda, entre otros.<\/p>\n<p>Perfecta para interiores<br \/>\nEsta herramienta es capaz de medir a una distancia m\u00e1xima de 15 metros, lo que la vuelve sumamente \u00fatil para labores hogare\u00f1os o en espacios reducidos.<\/p>\n<p>Apto para exigentes<br \/>\nGracias a su precisi\u00f3n de 1.5 mm podr\u00e1s trabajar tranquilo y con la seguridad de que todas las mediciones que realices tendr\u00e1n el nivel de exactitud deseada.<\/p>\n","protected":false},"excerpt":{"rendered":"<p>Una herramienta imprescindible para realizar cualquier tipo de trabajo de precisi\u00f3n. Utilizalo en tu hogar para instalar muebles o en&hellip;<\/p>\n","protected":false},"featured_media":16258,"template":"","meta":{"_joinchat":[]},"product_brand":[],"product_cat":[25,26],"product_tag":[],"class_list":{"0":"post-16264","1":"product","2":"type-product","3":"status-publish","4":"has-post-thumbnail","6":"product_cat-construccion","7":"product_cat-total","9":"first","10":"instock","11":"shipping-taxable","12":"purchasable","13":"product-type-simple"},"jetpack-related-posts":[],"jetpack_sharing_enabled":true,"_links":{"self":[{"href":"https:\/\/www.ferreteriaellucero.com\/herramientas\/wp-json\/wp\/v2\/product\/16264","targetHints":{"allow":["GET"]}}],"collection":[{"href":"https:\/\/www.ferreteriaellucero.com\/herramientas\/wp-json\/wp\/v2\/product"}],"about":[{"href":"https:\/\/www.ferreteriaellucero.com\/herramientas\/wp-json\/wp\/v2\/types\/product"}],"version-history":[{"count":1,"href":"https:\/\/www.ferreteriaellucero.com\/herramientas\/wp-json\/wp\/v2\/product\/16264\/revisions"}],"predecessor-version":[{"id":16265,"href":"https:\/\/www.ferreteriaellucero.com\/herramientas\/wp-json\/wp\/v2\/product\/16264\/revisions\/16265"}],"wp:featuredmedia":[{"embeddable":true,"href":"https:\/\/www.ferreteriaellucero.com\/herramientas\/wp-json\/wp\/v2\/media\/16258"}],"wp:attachment":[{"href":"https:\/\/www.ferreteriaellucero.com\/herramientas\/wp-json\/wp\/v2\/media?parent=16264"}],"wp:term":[{"taxonomy":"product_brand","embeddable":true,"href":"https:\/\/www.ferreteriaellucero.com\/herramientas\/wp-json\/wp\/v2\/product_brand?post=16264"},{"taxonomy":"product_cat","embeddable":true,"href":"https:\/\/www.ferreteriaellucero.com\/herramientas\/wp-json\/wp\/v2\/product_cat?post=16264"},{"taxonomy":"product_tag","embeddable":true,"href":"https:\/\/www.ferreteriaellucero.com\/herramientas\/wp-json\/wp\/v2\/product_tag?post=16264"}],"curies":[{"name":"wp","href":"https:\/\/api.w.org\/{rel}","templated":true}]}}