{"id":16094,"date":"2022-05-30T10:44:46","date_gmt":"2022-05-30T13:44:46","guid":{"rendered":"http:\/\/www.ferreteriaellucero.com\/herramientas\/?post_type=product&#038;p=16094"},"modified":"2024-07-30T23:18:22","modified_gmt":"2024-07-31T02:18:22","slug":"atornillador-total-20v-2-baterias-tidli20012","status":"publish","type":"product","link":"https:\/\/www.ferreteriaellucero.com\/herramientas\/producto\/atornillador-total-20v-2-baterias-tidli20012\/","title":{"rendered":"Atornillador Total 20v 2 baterias TIDLI20012"},"content":{"rendered":"<p>Atornillador inal\u00e1mbrico con percutor Total<br \/>\n2 bater\u00edas de 20V de Litio-Ion<br \/>\nModelo: TIDLI20012<\/p>\n<p>Caracter\u00edsticas:<br \/>\n-3 Funciones:<br \/>\n\u2022 Atornillador<br \/>\n\u2022 Taladro<br \/>\n\u2022 Taladro con percutor<br \/>\n-Gatillo de velocidad variable, (Dependiendo la fuerza de pulsaci\u00f3n). Permite realizar trabajos precisos.<br \/>\n-2 Velocidades mec\u00e1nicas:<br \/>\n\u2022 1: Engranaje que ofrece m\u00e1ximo torque (fuerza) pero inferior velocidad de rotaci\u00f3n. Ideal para atornillar.<br \/>\n\u2022 2: Engranaje que ofrece m\u00e1xima velocidad y menor torque m\u00e1ximo. Ideal para utilizar como taladro.<br \/>\n-2 Bater\u00edas que permiten un uso continuo sin interrupciones (Cargando una mientras se trabaja con la otra).<br \/>\n-Selector de torque m\u00e1ximo que permite que el atornillador se detenga autom\u00e1ticamente a determinado nivel de fuerza.<br \/>\n-Selector de sentido de la rotaci\u00f3n y de bloqueo.<br \/>\n-Indicador LED incorporado en la bater\u00eda que permite visualizar el nivel de carga de la misma.<br \/>\n-Luz LED que ilumina la zona de trabajo.<br \/>\n-Pr\u00e1ctico malet\u00edn pl\u00e1stico para el transporte y almacenaje.<\/p>\n<p>Datos T\u00e9cnicos:<br \/>\n-Voltaje: 20V<br \/>\n-Dos velocidades: 0-400\/0-1500rpm<br \/>\n-Torque m\u00e1ximo: 45NM<br \/>\n-Impactos m\u00e1ximos: 22.500\/min<br \/>\n-Mandril sin llave de 10mm<br \/>\n-Controles torque: 18+1+1<br \/>\n-2 bater\u00edas de Litio-Ion de 20v &#8211; 2.0Ah<br \/>\n-Cargador r\u00e1pido: 1Hr<br \/>\n-Voltaje de carga: 110-240V ~ 50Hz\/60Hz<\/p>\n","protected":false},"excerpt":{"rendered":"<p>Atornillador inal\u00e1mbrico con percutor Total 2 bater\u00edas de 20V de Litio-Ion Modelo: TIDLI20012 Caracter\u00edsticas: -3 Funciones: \u2022 Atornillador \u2022 Taladro&hellip;<\/p>\n","protected":false},"featured_media":16095,"template":"","meta":{"_joinchat":[]},"product_brand":[],"product_cat":[39,31,26],"product_tag":[],"class_list":{"0":"post-16094","1":"product","2":"type-product","3":"status-publish","4":"has-post-thumbnail","6":"product_cat-herramientas-a-bateria","7":"product_cat-taladro-a-bateria","8":"product_cat-total","10":"first","11":"instock","12":"sale","13":"shipping-taxable","14":"purchasable","15":"product-type-simple"},"jetpack-related-posts":[],"jetpack_sharing_enabled":true,"_links":{"self":[{"href":"https:\/\/www.ferreteriaellucero.com\/herramientas\/wp-json\/wp\/v2\/product\/16094","targetHints":{"allow":["GET"]}}],"collection":[{"href":"https:\/\/www.ferreteriaellucero.com\/herramientas\/wp-json\/wp\/v2\/product"}],"about":[{"href":"https:\/\/www.ferreteriaellucero.com\/herramientas\/wp-json\/wp\/v2\/types\/product"}],"version-history":[{"count":3,"href":"https:\/\/www.ferreteriaellucero.com\/herramientas\/wp-json\/wp\/v2\/product\/16094\/revisions"}],"predecessor-version":[{"id":16101,"href":"https:\/\/www.ferreteriaellucero.com\/herramientas\/wp-json\/wp\/v2\/product\/16094\/revisions\/16101"}],"wp:featuredmedia":[{"embeddable":true,"href":"https:\/\/www.ferreteriaellucero.com\/herramientas\/wp-json\/wp\/v2\/media\/16095"}],"wp:attachment":[{"href":"https:\/\/www.ferreteriaellucero.com\/herramientas\/wp-json\/wp\/v2\/media?parent=16094"}],"wp:term":[{"taxonomy":"product_brand","embeddable":true,"href":"https:\/\/www.ferreteriaellucero.com\/herramientas\/wp-json\/wp\/v2\/product_brand?post=16094"},{"taxonomy":"product_cat","embeddable":true,"href":"https:\/\/www.ferreteriaellucero.com\/herramientas\/wp-json\/wp\/v2\/product_cat?post=16094"},{"taxonomy":"product_tag","embeddable":true,"href":"https:\/\/www.ferreteriaellucero.com\/herramientas\/wp-json\/wp\/v2\/product_tag?post=16094"}],"curies":[{"name":"wp","href":"https:\/\/api.w.org\/{rel}","templated":true}]}}