{"id":16077,"date":"2022-05-23T12:28:42","date_gmt":"2022-05-23T15:28:42","guid":{"rendered":"http:\/\/www.ferreteriaellucero.com\/herramientas\/?post_type=product&#038;p=16077"},"modified":"2023-04-19T18:58:08","modified_gmt":"2023-04-19T21:58:08","slug":"mascara-de-soldar-fotosensible-neo","status":"publish","type":"product","link":"https:\/\/www.ferreteriaellucero.com\/herramientas\/producto\/mascara-de-soldar-fotosensible-neo\/","title":{"rendered":"Mascara de soldar fotosensible Neo"},"content":{"rendered":"<p>\u00c1rea de visi\u00f3n: 98x55mm<br \/>\nCelda fotoel\u00e9ctrica, se carga al soldar<br \/>\nConstruida en poliamida (Nylon)<br \/>\nOpci\u00f3n seleccionable: soldar\/amoldar<br \/>\nCuatro sensores<br \/>\nRegulaciones de oscuridad, de sensibilidad, de tiempo post soldeo<br \/>\nOpci\u00f3n de uso para amolar, para soldar<br \/>\nCumple normas CEEN379-ANSI Z87.1<\/p>\n<p>\u00c1REA DE VISI\u00d3N: 98x55mm<br \/>\nPROTECCI\u00d3N UV\/IR<br \/>\nOSCURECIMIENTO DIN 16<br \/>\nESTADO VISIBLE DIN 4<br \/>\nTIEMPO DE RESPUESTA: NO POLARIZADO A POLARIZADO: 0,00005seg \/\/ -POLARIZADO A NO POLARIZADO: 0,15\/0,55\/0,8seg<br \/>\nPESO: 0,9Kg<\/p>\n<p>GARANT\u00cdA: 1 a\u00f1o<\/p>\n","protected":false},"excerpt":{"rendered":"<p>\u00c1rea de visi\u00f3n: 98x55mm Celda fotoel\u00e9ctrica, se carga al soldar Construida en poliamida (Nylon) Opci\u00f3n seleccionable: soldar\/amoldar Cuatro sensores Regulaciones&hellip;<\/p>\n","protected":false},"featured_media":16078,"template":"","meta":{"_joinchat":[]},"product_brand":[],"product_cat":[41,28],"product_tag":[],"class_list":{"0":"post-16077","1":"product","2":"type-product","3":"status-publish","4":"has-post-thumbnail","6":"product_cat-balaguer","7":"product_cat-neo","9":"first","10":"instock","11":"shipping-taxable","12":"purchasable","13":"product-type-simple"},"jetpack-related-posts":[],"jetpack_sharing_enabled":true,"_links":{"self":[{"href":"https:\/\/www.ferreteriaellucero.com\/herramientas\/wp-json\/wp\/v2\/product\/16077","targetHints":{"allow":["GET"]}}],"collection":[{"href":"https:\/\/www.ferreteriaellucero.com\/herramientas\/wp-json\/wp\/v2\/product"}],"about":[{"href":"https:\/\/www.ferreteriaellucero.com\/herramientas\/wp-json\/wp\/v2\/types\/product"}],"version-history":[{"count":2,"href":"https:\/\/www.ferreteriaellucero.com\/herramientas\/wp-json\/wp\/v2\/product\/16077\/revisions"}],"predecessor-version":[{"id":16080,"href":"https:\/\/www.ferreteriaellucero.com\/herramientas\/wp-json\/wp\/v2\/product\/16077\/revisions\/16080"}],"wp:featuredmedia":[{"embeddable":true,"href":"https:\/\/www.ferreteriaellucero.com\/herramientas\/wp-json\/wp\/v2\/media\/16078"}],"wp:attachment":[{"href":"https:\/\/www.ferreteriaellucero.com\/herramientas\/wp-json\/wp\/v2\/media?parent=16077"}],"wp:term":[{"taxonomy":"product_brand","embeddable":true,"href":"https:\/\/www.ferreteriaellucero.com\/herramientas\/wp-json\/wp\/v2\/product_brand?post=16077"},{"taxonomy":"product_cat","embeddable":true,"href":"https:\/\/www.ferreteriaellucero.com\/herramientas\/wp-json\/wp\/v2\/product_cat?post=16077"},{"taxonomy":"product_tag","embeddable":true,"href":"https:\/\/www.ferreteriaellucero.com\/herramientas\/wp-json\/wp\/v2\/product_tag?post=16077"}],"curies":[{"name":"wp","href":"https:\/\/api.w.org\/{rel}","templated":true}]}}