{"id":16058,"date":"2022-05-20T16:00:48","date_gmt":"2022-05-20T19:00:48","guid":{"rendered":"http:\/\/www.ferreteriaellucero.com\/herramientas\/?post_type=product&#038;p=16058"},"modified":"2025-02-04T17:21:33","modified_gmt":"2025-02-04T20:21:33","slug":"nivelador-laser-multifuncion-gladiator-15m","status":"publish","type":"product","link":"https:\/\/www.ferreteriaellucero.com\/herramientas\/producto\/nivelador-laser-multifuncion-gladiator-15m\/","title":{"rendered":"Nivelador laser multifunci\u00f3n Gladiator 15M"},"content":{"rendered":"<p>Contiene el polvo del taladro evitando que se ensucie el \u00e1rea<br \/>\nSe adhiere por vac\u00edo a las paredes<br \/>\nNivel y plomo l\u00e1ser alcance 15 metros<br \/>\nContenido: 1 nivelador l\u00e1ser, 3 bater\u00edas para l\u00e1ser, 1 cobertor<br \/>\nRANGO DE TRABAJO 0 &#8211; 15m<br \/>\nCAPACIDAD M\u00c1XIMA DE BROCA 10mm &#8211; 3\/8&#8243;<br \/>\nPESO 0,28Kg.<\/p>\n","protected":false},"excerpt":{"rendered":"<p>Contiene el polvo del taladro evitando que se ensucie el \u00e1rea Se adhiere por vac\u00edo a las paredes Nivel y&hellip;<\/p>\n","protected":false},"featured_media":16059,"template":"","meta":{"_joinchat":[]},"product_brand":[],"product_cat":[27],"product_tag":[],"class_list":{"0":"post-16058","1":"product","2":"type-product","3":"status-publish","4":"has-post-thumbnail","6":"product_cat-gladiator","8":"first","9":"instock","10":"shipping-taxable","11":"purchasable","12":"product-type-simple"},"jetpack-related-posts":[],"jetpack_sharing_enabled":true,"_links":{"self":[{"href":"https:\/\/www.ferreteriaellucero.com\/herramientas\/wp-json\/wp\/v2\/product\/16058","targetHints":{"allow":["GET"]}}],"collection":[{"href":"https:\/\/www.ferreteriaellucero.com\/herramientas\/wp-json\/wp\/v2\/product"}],"about":[{"href":"https:\/\/www.ferreteriaellucero.com\/herramientas\/wp-json\/wp\/v2\/types\/product"}],"version-history":[{"count":1,"href":"https:\/\/www.ferreteriaellucero.com\/herramientas\/wp-json\/wp\/v2\/product\/16058\/revisions"}],"predecessor-version":[{"id":16060,"href":"https:\/\/www.ferreteriaellucero.com\/herramientas\/wp-json\/wp\/v2\/product\/16058\/revisions\/16060"}],"wp:featuredmedia":[{"embeddable":true,"href":"https:\/\/www.ferreteriaellucero.com\/herramientas\/wp-json\/wp\/v2\/media\/16059"}],"wp:attachment":[{"href":"https:\/\/www.ferreteriaellucero.com\/herramientas\/wp-json\/wp\/v2\/media?parent=16058"}],"wp:term":[{"taxonomy":"product_brand","embeddable":true,"href":"https:\/\/www.ferreteriaellucero.com\/herramientas\/wp-json\/wp\/v2\/product_brand?post=16058"},{"taxonomy":"product_cat","embeddable":true,"href":"https:\/\/www.ferreteriaellucero.com\/herramientas\/wp-json\/wp\/v2\/product_cat?post=16058"},{"taxonomy":"product_tag","embeddable":true,"href":"https:\/\/www.ferreteriaellucero.com\/herramientas\/wp-json\/wp\/v2\/product_tag?post=16058"}],"curies":[{"name":"wp","href":"https:\/\/api.w.org\/{rel}","templated":true}]}}