{"id":16052,"date":"2022-05-18T17:43:38","date_gmt":"2022-05-18T20:43:38","guid":{"rendered":"http:\/\/www.ferreteriaellucero.com\/herramientas\/?post_type=product&#038;p=16052"},"modified":"2025-02-04T17:21:34","modified_gmt":"2025-02-04T20:21:34","slug":"hidrolavadora-energy-1200w","status":"publish","type":"product","link":"https:\/\/www.ferreteriaellucero.com\/herramientas\/producto\/hidrolavadora-energy-1200w\/","title":{"rendered":"Hidrolavadora Energy 1200W"},"content":{"rendered":"<p>Voltaje\/Frecuencia: 220V~ 50-60Hz<br \/>\nPotencia:1200W<br \/>\nPresi\u00f3n m\u00e1xima: 90bar &#8211; 1305PSI<br \/>\nAlimentaci\u00f3n m\u00ednima: 5,5L\/min<br \/>\nCaudal: 6,5L\/min<br \/>\n\u00cdndice de protecci\u00f3n: IPX5<br \/>\nLargo de cable: 5m<br \/>\nTipo de aislaci\u00f3n: Clase II<br \/>\nPeso: 4,7kg<\/p>\n<p>Garant\u00eda: 1 a\u00f1o<\/p>\n","protected":false},"excerpt":{"rendered":"<p>Voltaje\/Frecuencia: 220V~ 50-60Hz Potencia:1200W Presi\u00f3n m\u00e1xima: 90bar &#8211; 1305PSI Alimentaci\u00f3n m\u00ednima: 5,5L\/min Caudal: 6,5L\/min \u00cdndice de protecci\u00f3n: IPX5 Largo de&hellip;<\/p>\n","protected":false},"featured_media":16053,"template":"","meta":{"_joinchat":[]},"product_brand":[],"product_cat":[41,38],"product_tag":[],"class_list":{"0":"post-16052","1":"product","2":"type-product","3":"status-publish","4":"has-post-thumbnail","6":"product_cat-balaguer","7":"product_cat-energy","9":"first","10":"instock","11":"shipping-taxable","12":"purchasable","13":"product-type-simple"},"jetpack-related-posts":[],"jetpack_sharing_enabled":true,"_links":{"self":[{"href":"https:\/\/www.ferreteriaellucero.com\/herramientas\/wp-json\/wp\/v2\/product\/16052","targetHints":{"allow":["GET"]}}],"collection":[{"href":"https:\/\/www.ferreteriaellucero.com\/herramientas\/wp-json\/wp\/v2\/product"}],"about":[{"href":"https:\/\/www.ferreteriaellucero.com\/herramientas\/wp-json\/wp\/v2\/types\/product"}],"version-history":[{"count":1,"href":"https:\/\/www.ferreteriaellucero.com\/herramientas\/wp-json\/wp\/v2\/product\/16052\/revisions"}],"predecessor-version":[{"id":16054,"href":"https:\/\/www.ferreteriaellucero.com\/herramientas\/wp-json\/wp\/v2\/product\/16052\/revisions\/16054"}],"wp:featuredmedia":[{"embeddable":true,"href":"https:\/\/www.ferreteriaellucero.com\/herramientas\/wp-json\/wp\/v2\/media\/16053"}],"wp:attachment":[{"href":"https:\/\/www.ferreteriaellucero.com\/herramientas\/wp-json\/wp\/v2\/media?parent=16052"}],"wp:term":[{"taxonomy":"product_brand","embeddable":true,"href":"https:\/\/www.ferreteriaellucero.com\/herramientas\/wp-json\/wp\/v2\/product_brand?post=16052"},{"taxonomy":"product_cat","embeddable":true,"href":"https:\/\/www.ferreteriaellucero.com\/herramientas\/wp-json\/wp\/v2\/product_cat?post=16052"},{"taxonomy":"product_tag","embeddable":true,"href":"https:\/\/www.ferreteriaellucero.com\/herramientas\/wp-json\/wp\/v2\/product_tag?post=16052"}],"curies":[{"name":"wp","href":"https:\/\/api.w.org\/{rel}","templated":true}]}}