{"id":15353,"date":"2021-05-14T17:09:47","date_gmt":"2021-05-14T20:09:47","guid":{"rendered":"http:\/\/www.ferreteriaellucero.com\/herramientas\/?post_type=product&#038;p=15353"},"modified":"2024-01-16T13:19:40","modified_gmt":"2024-01-16T16:19:40","slug":"juego-12-dados-tubo-llave-crique-1-2","status":"publish","type":"product","link":"https:\/\/www.ferreteriaellucero.com\/herramientas\/producto\/juego-12-dados-tubo-llave-crique-1-2\/","title":{"rendered":"juego 12 dados ingco TUBO LLAVE CRIQUE 1\/2&#8243;"},"content":{"rendered":"<p>Juego de Enchufes 12pza 1\/2&#8243; Incluye 10pza z\u00f3calo 10,11,12,13,14,15,17,19,21,24mm Mango de trinquete de liberaci\u00f3n r\u00e1pida 1 1\/2&#8243;45T 1 barra de extensi\u00f3n de 5 \u00bb Acero CrV 50BV30 de alta calidad Micro acabado y cromado<\/p>\n","protected":false},"excerpt":{"rendered":"<p>Juego de Enchufes 12pza 1\/2&#8243; Incluye 10pza z\u00f3calo 10,11,12,13,14,15,17,19,21,24mm Mango de trinquete de liberaci\u00f3n r\u00e1pida 1 1\/2&#8243;45T 1 barra de&hellip;<\/p>\n","protected":false},"featured_media":15354,"template":"","meta":{"_joinchat":[]},"product_brand":[],"product_cat":[61],"product_tag":[],"class_list":{"0":"post-15353","1":"product","2":"type-product","3":"status-publish","4":"has-post-thumbnail","6":"product_cat-ingco","7":"product_shipping_class-envio-unico","9":"first","10":"onbackorder","11":"shipping-taxable","12":"purchasable","13":"product-type-simple"},"jetpack-related-posts":[],"jetpack_sharing_enabled":true,"_links":{"self":[{"href":"https:\/\/www.ferreteriaellucero.com\/herramientas\/wp-json\/wp\/v2\/product\/15353","targetHints":{"allow":["GET"]}}],"collection":[{"href":"https:\/\/www.ferreteriaellucero.com\/herramientas\/wp-json\/wp\/v2\/product"}],"about":[{"href":"https:\/\/www.ferreteriaellucero.com\/herramientas\/wp-json\/wp\/v2\/types\/product"}],"version-history":[{"count":3,"href":"https:\/\/www.ferreteriaellucero.com\/herramientas\/wp-json\/wp\/v2\/product\/15353\/revisions"}],"predecessor-version":[{"id":15748,"href":"https:\/\/www.ferreteriaellucero.com\/herramientas\/wp-json\/wp\/v2\/product\/15353\/revisions\/15748"}],"wp:featuredmedia":[{"embeddable":true,"href":"https:\/\/www.ferreteriaellucero.com\/herramientas\/wp-json\/wp\/v2\/media\/15354"}],"wp:attachment":[{"href":"https:\/\/www.ferreteriaellucero.com\/herramientas\/wp-json\/wp\/v2\/media?parent=15353"}],"wp:term":[{"taxonomy":"product_brand","embeddable":true,"href":"https:\/\/www.ferreteriaellucero.com\/herramientas\/wp-json\/wp\/v2\/product_brand?post=15353"},{"taxonomy":"product_cat","embeddable":true,"href":"https:\/\/www.ferreteriaellucero.com\/herramientas\/wp-json\/wp\/v2\/product_cat?post=15353"},{"taxonomy":"product_tag","embeddable":true,"href":"https:\/\/www.ferreteriaellucero.com\/herramientas\/wp-json\/wp\/v2\/product_tag?post=15353"}],"curies":[{"name":"wp","href":"https:\/\/api.w.org\/{rel}","templated":true}]}}