{"id":15344,"date":"2021-05-14T17:02:27","date_gmt":"2021-05-14T20:02:27","guid":{"rendered":"http:\/\/www.ferreteriaellucero.com\/herramientas\/?post_type=product&#038;p=15344"},"modified":"2024-01-16T13:19:01","modified_gmt":"2024-01-16T16:19:01","slug":"careta-ingco-mod-nuevo-ahm009-fotosensible","status":"publish","type":"product","link":"https:\/\/www.ferreteriaellucero.com\/herramientas\/producto\/careta-ingco-mod-nuevo-ahm009-fotosensible\/","title":{"rendered":"Careta ingco (mod nuevo) AHM009 fotosensible"},"content":{"rendered":"<p>\u00c1rea de visualizaci\u00f3n 90 \u00d7 35 mm Tama\u00f1o de cartucho 110 \u00d7 90 \u00d7 10 mm Sensor de arco 2 Estado de luz DIN 4 Estado oscuro sombra fija 10 Control de sombra no ajustable Encendido \/ apagado completamente autom\u00e1tico Control de sensibilidad no ajustable, autom\u00e1tico Protecci\u00f3n UV \/ IR DIN 16 Fuente de alimentaci\u00f3n C\u00e9lulas solares. Bater\u00eda recargable. No requiere cambio de bater\u00eda Tiempo de conmutaci\u00f3n 1 \/ 5000S, de claro a oscuro Oscuro a claro 0.15-0.45S Autom\u00e1tico TIG de bajo amperaje ?20amps (DC), ?20amps (AC)<\/p>\n","protected":false},"excerpt":{"rendered":"<p>\u00c1rea de visualizaci\u00f3n 90 \u00d7 35 mm Tama\u00f1o de cartucho 110 \u00d7 90 \u00d7 10 mm Sensor de arco 2&hellip;<\/p>\n","protected":false},"featured_media":15347,"template":"","meta":{"_joinchat":[]},"product_brand":[],"product_cat":[19,61],"product_tag":[],"class_list":{"0":"post-15344","1":"product","2":"type-product","3":"status-publish","4":"has-post-thumbnail","6":"product_cat-sin-categorizar","7":"product_cat-ingco","8":"product_shipping_class-envio-unico","10":"first","11":"instock","12":"shipping-taxable","13":"purchasable","14":"product-type-simple"},"jetpack-related-posts":[],"jetpack_sharing_enabled":true,"_links":{"self":[{"href":"https:\/\/www.ferreteriaellucero.com\/herramientas\/wp-json\/wp\/v2\/product\/15344","targetHints":{"allow":["GET"]}}],"collection":[{"href":"https:\/\/www.ferreteriaellucero.com\/herramientas\/wp-json\/wp\/v2\/product"}],"about":[{"href":"https:\/\/www.ferreteriaellucero.com\/herramientas\/wp-json\/wp\/v2\/types\/product"}],"version-history":[{"count":3,"href":"https:\/\/www.ferreteriaellucero.com\/herramientas\/wp-json\/wp\/v2\/product\/15344\/revisions"}],"predecessor-version":[{"id":15750,"href":"https:\/\/www.ferreteriaellucero.com\/herramientas\/wp-json\/wp\/v2\/product\/15344\/revisions\/15750"}],"wp:featuredmedia":[{"embeddable":true,"href":"https:\/\/www.ferreteriaellucero.com\/herramientas\/wp-json\/wp\/v2\/media\/15347"}],"wp:attachment":[{"href":"https:\/\/www.ferreteriaellucero.com\/herramientas\/wp-json\/wp\/v2\/media?parent=15344"}],"wp:term":[{"taxonomy":"product_brand","embeddable":true,"href":"https:\/\/www.ferreteriaellucero.com\/herramientas\/wp-json\/wp\/v2\/product_brand?post=15344"},{"taxonomy":"product_cat","embeddable":true,"href":"https:\/\/www.ferreteriaellucero.com\/herramientas\/wp-json\/wp\/v2\/product_cat?post=15344"},{"taxonomy":"product_tag","embeddable":true,"href":"https:\/\/www.ferreteriaellucero.com\/herramientas\/wp-json\/wp\/v2\/product_tag?post=15344"}],"curies":[{"name":"wp","href":"https:\/\/api.w.org\/{rel}","templated":true}]}}