{"id":14943,"date":"2020-10-05T13:30:21","date_gmt":"2020-10-05T16:30:21","guid":{"rendered":"http:\/\/www.ferreteriaellucero.com\/herramientas\/?post_type=product&#038;p=14943"},"modified":"2024-01-16T13:19:17","modified_gmt":"2024-01-16T16:19:17","slug":"desmalezadora-hessen-pro-43cc","status":"publish","type":"product","link":"https:\/\/www.ferreteriaellucero.com\/herramientas\/producto\/desmalezadora-hessen-pro-43cc\/","title":{"rendered":"Desmalezadora Hessen Pro 43cc"},"content":{"rendered":"<h2 class=\"main-section__title item-description__title\">Descripci\u00f3n<\/h2>\n<div id=\"description-includes\" class=\"item-description__content \">\n<div class=\"item-description__text\">\n<p>DESMALEZADORA 43CC 1.7HP HESSEN PRO<br \/>\nC\u00d3DIGO: 016-3050<\/p>\n<p>ESPECIFICACIONES:<br \/>\n&#8211; POTENCIA: 1.7 HP<br \/>\n&#8211; DI\u00c1METRO DE CORTE: 42CM<br \/>\n&#8211; TANQUE: 0.8L PESO:7.4 KG<\/p>\n<p>INCLUYE<br \/>\n&#8211; ARN\u00c9S<br \/>\n&#8211; CUCHILLA DE 3 DIENTES<br \/>\n&#8211; CABEZAL DE TANZA AUTOM\u00c1TICO Y UNIVERSAL<\/p>\n<p>GARANT\u00cdA<br \/>\n&#8211; 1 A\u00d1O DE GARANT\u00cdA<\/p>\n<\/div>\n<\/div>\n","protected":false},"excerpt":{"rendered":"<p>Descripci\u00f3n DESMALEZADORA 43CC 1.7HP HESSEN PRO C\u00d3DIGO: 016-3050 ESPECIFICACIONES: &#8211; POTENCIA: 1.7 HP &#8211; DI\u00c1METRO DE CORTE: 42CM &#8211; TANQUE:&hellip;<\/p>\n","protected":false},"featured_media":14944,"template":"","meta":{"_joinchat":[]},"product_brand":[],"product_cat":[24,42],"product_tag":[],"class_list":{"0":"post-14943","1":"product","2":"type-product","3":"status-publish","4":"has-post-thumbnail","6":"product_cat-hessen","7":"product_cat-jardin","9":"first","10":"instock","11":"shipping-taxable","12":"purchasable","13":"product-type-simple"},"jetpack-related-posts":[],"jetpack_sharing_enabled":true,"_links":{"self":[{"href":"https:\/\/www.ferreteriaellucero.com\/herramientas\/wp-json\/wp\/v2\/product\/14943","targetHints":{"allow":["GET"]}}],"collection":[{"href":"https:\/\/www.ferreteriaellucero.com\/herramientas\/wp-json\/wp\/v2\/product"}],"about":[{"href":"https:\/\/www.ferreteriaellucero.com\/herramientas\/wp-json\/wp\/v2\/types\/product"}],"version-history":[{"count":4,"href":"https:\/\/www.ferreteriaellucero.com\/herramientas\/wp-json\/wp\/v2\/product\/14943\/revisions"}],"predecessor-version":[{"id":14964,"href":"https:\/\/www.ferreteriaellucero.com\/herramientas\/wp-json\/wp\/v2\/product\/14943\/revisions\/14964"}],"wp:featuredmedia":[{"embeddable":true,"href":"https:\/\/www.ferreteriaellucero.com\/herramientas\/wp-json\/wp\/v2\/media\/14944"}],"wp:attachment":[{"href":"https:\/\/www.ferreteriaellucero.com\/herramientas\/wp-json\/wp\/v2\/media?parent=14943"}],"wp:term":[{"taxonomy":"product_brand","embeddable":true,"href":"https:\/\/www.ferreteriaellucero.com\/herramientas\/wp-json\/wp\/v2\/product_brand?post=14943"},{"taxonomy":"product_cat","embeddable":true,"href":"https:\/\/www.ferreteriaellucero.com\/herramientas\/wp-json\/wp\/v2\/product_cat?post=14943"},{"taxonomy":"product_tag","embeddable":true,"href":"https:\/\/www.ferreteriaellucero.com\/herramientas\/wp-json\/wp\/v2\/product_tag?post=14943"}],"curies":[{"name":"wp","href":"https:\/\/api.w.org\/{rel}","templated":true}]}}