{"id":16065,"date":"2022-05-20T17:45:26","date_gmt":"2022-05-20T20:45:26","guid":{"rendered":"http:\/\/www.ferreteriaellucero.com\/herramientas\/?page_id=16065"},"modified":"2022-05-20T17:45:28","modified_gmt":"2022-05-20T20:45:28","slug":"devoluciones-y-reembolsos","status":"publish","type":"page","link":"https:\/\/www.ferreteriaellucero.com\/herramientas\/devoluciones-y-reembolsos\/","title":{"rendered":"Devoluciones y reembolsos."},"content":{"rendered":"<p>\u00a1Gracias por comprar en Ferreteria El Lucero!<\/p><p>Ofrecemos reembolso y\/o cambio dentro de los primeros 5 d\u00edas de tu compra. Si han transcurrido 5 d\u00edas desde tu compra, no se te ofrecer\u00e1 un reembolso y\/o cambio de ning\u00fan tipo.<\/p><p>Elegibilidad para reembolsos y cambios<\/p><ul class=\"wp-block-list\"><li>Tu art\u00edculo debe estar sin usar y en las mismas condiciones en que lo recibi\u00f3.<\/li><li>El art\u00edculo debe estar en el embalaje original.<\/li><li>Para completar tu devoluci\u00f3n, requerimos un recibo o comprobante de compra.<\/li><\/ul><p>Cambios <em>(si es aplicable)<\/em><\/p><p>Solo reemplazamos los art\u00edculos si est\u00e1n defectuosos o da\u00f1ados. Si necesitas cambiarlo por el mismo art\u00edculo, env\u00edanos un email a <span \n                data-original-string='q0Dkm1cM7rJRkZZ8tGCXaw==eefRfzzF3Ob+8TBU5s4EWMuNjmioN6bQj6jMy6lCr3tJm4='\n                class='apbct-email-encoder'\n                title='Este contacto ha sido codificado por Anti-Spam by CleanTalk. Haz clic para decodificar. Para finalizar la decodificaci\u00f3n, aseg\u00farate de que JavaScript est\u00e1 activado en tu navegador.'>ga<span class=\"apbct-blur\">******<\/span>@<span class=\"apbct-blur\">****************<\/span>ro.com<\/span> y env\u00eda tu art\u00edculo a:Ruta 8 KM 26100 esq tacuaremb\u00f3 (ferreteria El Lucero)<\/p><ul class=\"wp-block-list\"><li>Cualquier art\u00edculo que no se encuentre en su estado original, est\u00e9 da\u00f1ado o falte una parte por razones que no se debieron a nuestro error.<\/li><li>Cualquier art\u00edculo que se devuelva m\u00e1s de 30 d\u00edas despu\u00e9s de la entrega.<\/li><\/ul><p>Una vez que se reciba e inspeccione tu devoluci\u00f3n, te enviaremos un email para notificarte que hemos recibido tu art\u00edculo devuelto. Tambi\u00e9n te notificaremos la aprobaci\u00f3n o el rechazo de tu reembolso.<\/p><p>Si es aprobado, entonces se procesar\u00e1 tu reembolso y se aplicar\u00e1 un cr\u00e9dito autom\u00e1ticamente a tu tarjeta de cr\u00e9dito o m\u00e9todo de pago original, dentro de una cierta cantidad de d\u00edas.<\/p><p>Reembolsos atrasados \u200b\u200bo faltantes<\/p><ul class=\"wp-block-list\"><li>Si a\u00fan no has recibido un reembolso, primero verifica otra vez tu cuenta bancaria. Luego, comun\u00edcate con la compa\u00f1\u00eda de tu tarjeta de cr\u00e9dito. Puede tomar alg\u00fan tiempo antes de que se publique oficialmente tu reembolso.<\/li><li>Si has hecho todo esto y a\u00fan no has recibido tu reembolso, comun\u00edcate con nosotros al (email y\/o n\u00famero de tel\u00e9fono).<\/li><\/ul><p>Env\u00edo<\/p><ul class=\"wp-block-list\"><li>Por favor, no devuelvas el producto al fabricante. Debe enviarse a la siguiente direcci\u00f3n Ruta 8 KM 26100 esq Tacuaremb\u00f3. (Ferreteria El Lucero).<\/li><li>Usted ser\u00e1 responsable de pagar sus propios costos de env\u00edo para devolver su art\u00edculo.<\/li><li>Los costos de env\u00edo no son reembolsables. Si recibes un reembolso, el costo del env\u00edo de devoluci\u00f3n se deducir\u00e1 de tu reembolso.<\/li><li>Dependiendo de d\u00f3nde vivas, el tiempo que tarde tu producto cambiado en llegar a ti puede variar.<\/li><li>Por favor, nota que no podemos garantizar que recibiremos tu art\u00edculo devuelto, la empresa no se har\u00e1 cargo por p\u00e9rdidas, fallas o roturas ocurridas en el transporte.<\/li><\/ul>","protected":false},"excerpt":{"rendered":"<p>\u00a1Gracias por comprar en Ferreteria El Lucero! Ofrecemos reembolso y\/o cambio dentro de los primeros 5 d\u00edas de tu compra.&hellip;<\/p>\n","protected":false},"author":1,"featured_media":0,"parent":0,"menu_order":0,"comment_status":"closed","ping_status":"closed","template":"","meta":{"_joinchat":[],"footnotes":""},"class_list":["post-16065","page","type-page","status-publish","hentry"],"jetpack-related-posts":[],"jetpack_sharing_enabled":true,"_links":{"self":[{"href":"https:\/\/www.ferreteriaellucero.com\/herramientas\/wp-json\/wp\/v2\/pages\/16065","targetHints":{"allow":["GET"]}}],"collection":[{"href":"https:\/\/www.ferreteriaellucero.com\/herramientas\/wp-json\/wp\/v2\/pages"}],"about":[{"href":"https:\/\/www.ferreteriaellucero.com\/herramientas\/wp-json\/wp\/v2\/types\/page"}],"author":[{"embeddable":true,"href":"https:\/\/www.ferreteriaellucero.com\/herramientas\/wp-json\/wp\/v2\/users\/1"}],"replies":[{"embeddable":true,"href":"https:\/\/www.ferreteriaellucero.com\/herramientas\/wp-json\/wp\/v2\/comments?post=16065"}],"version-history":[{"count":1,"href":"https:\/\/www.ferreteriaellucero.com\/herramientas\/wp-json\/wp\/v2\/pages\/16065\/revisions"}],"predecessor-version":[{"id":16066,"href":"https:\/\/www.ferreteriaellucero.com\/herramientas\/wp-json\/wp\/v2\/pages\/16065\/revisions\/16066"}],"wp:attachment":[{"href":"https:\/\/www.ferreteriaellucero.com\/herramientas\/wp-json\/wp\/v2\/media?parent=16065"}],"curies":[{"name":"wp","href":"https:\/\/api.w.org\/{rel}","templated":true}]}}